{"id":1889,"date":"2023-11-02T14:05:57","date_gmt":"2023-11-02T18:05:57","guid":{"rendered":"https:\/\/cavas-info.org\/?page_id=1889"},"modified":"2025-12-19T10:34:27","modified_gmt":"2025-12-19T15:34:27","slug":"conviertete-en-miembro","status":"publish","type":"page","link":"https:\/\/cavas-info.org\/es\/tu-participacion-en-cavas-marca-la-diferencia\/conviertete-en-miembro\/","title":{"rendered":"Convi\u00e9rtete en miembro"},"content":{"rendered":"<div class=\"wpb-content-wrapper\"><p>[vc_row row_height_percent=\u00bb0&#8243; override_padding=\u00bbyes\u00bb h_padding=\u00bb2&#8243; top_padding=\u00bb3&#8243; bottom_padding=\u00bb3&#8243; overlay_alpha=\u00bb50&#8243; equal_height=\u00bbyes\u00bb gutter_size=\u00bb3&#8243; column_width_percent=\u00bb100&#8243; shift_y=\u00bb0&#8243; z_index=\u00bb0&#8243; bottom_divider=\u00bbgradient\u00bb uncode_shortcode_id=\u00bb689429&#8243;][vc_column column_width_percent=\u00bb100&#8243; gutter_size=\u00bb3&#8243; overlay_alpha=\u00bb50&#8243; shift_x=\u00bb0&#8243; shift_y=\u00bb0&#8243; shift_y_down=\u00bb0&#8243; z_index=\u00bb0&#8243; medium_width=\u00bb0&#8243; mobile_width=\u00bb0&#8243; css_animation=\u00bbalpha-anim\u00bb width=\u00bb1\/4&#8243; uncode_shortcode_id=\u00bb187630&#8243; el_class=\u00bbborder-radius-item\u00bb][vc_custom_heading heading_semantic=\u00bbh3&#8243; text_font=\u00bbfont-185035&#8243; text_size=\u00bbh3&#8243; uncode_shortcode_id=\u00bb751872&#8243;]\u00a1Gracias por ser un\/a aliado\/a valioso\/a de CAVAS![\/vc_custom_heading][vc_column_text uncode_shortcode_id=\u00bb433524&#8243;]Al convertirte en miembro, demuestras tu solidaridad y apoyo a nuestra misi\u00f3n, manifestando la violencia sexual es inaceptable y que los recursos son esenciales para ayudar a las v\u00edctimas y sus familias.<\/p>\n<p>Tambi\u00e9n te agradecemos por contribuir al desarrollo de nuestros servicios, lo cual es fundamental.[\/vc_column_text][vc_custom_heading text_color=\u00bbcolor-156806&#8243; heading_semantic=\u00bbh4&#8243; text_font=\u00bbfont-186913&#8243; text_size=\u00bbh4&#8243; uncode_shortcode_id=\u00bb332774&#8243; text_color_type=\u00bbuncode-palette\u00bb]\u00a1Tu apoyo fortalece nuestra determinaci\u00f3n de luchar por los derechos de las v\u00edctimas![\/vc_custom_heading][\/vc_column][vc_column column_width_percent=\u00bb100&#8243; position_vertical=\u00bbmiddle\u00bb gutter_size=\u00bb2&#8243; overlay_alpha=\u00bb50&#8243; shift_x=\u00bb0&#8243; shift_y=\u00bb0&#8243; shift_y_down=\u00bb0&#8243; z_index=\u00bb0&#8243; medium_width=\u00bb0&#8243; mobile_width=\u00bb0&#8243; css_animation=\u00bbalpha-anim\u00bb width=\u00bb3\/4&#8243; uncode_shortcode_id=\u00bb186846&#8243;][vc_raw_html]JTNDZGl2JTIwc3R5bGUlM0QlMjJwb3NpdGlvbiUzQXJlbGF0aXZlJTNCb3ZlcmZsb3clM0FoaWRkZW4lM0J3aWR0aCUzQTEwMCUyNSUzQmhlaWdodCUzQTkwMHB4JTNCcGFkZGluZy10b3AlM0E4MDBweCUyMiUzRSUzQ2lmcmFtZSUyMHRpdGxlJTNEJTI3RG9uYXRpb24lMjBmb3JtJTIwcG93ZXJlZCUyMGJ5JTIwWmVmZnklMjclMjBzdHlsZSUzRCUyN3Bvc2l0aW9uJTNBJTIwYWJzb2x1dGUlM0IlMjBib3JkZXIlM0ElMjAwJTNCJTIwdG9wJTNBMCUzQmxlZnQlM0EwJTNCYm90dG9tJTNBMCUzQnJpZ2h0JTNBMCUzQndpZHRoJTNBMTAwJTI1JTNCaGVpZ2h0JTNBMTAwJTI1JTI3JTIwc3JjJTNEJTI3aHR0cHMlM0ElMkYlMkZ3d3cuemVmZnkuY29tJTJGZnItQ0ElMkZlbWJlZCUyRnRpY2tldGluZyUyRmU4NzE5ODkyLTk3NzQtNGUyNy05YWIwLWQ2MGE2YjA3NTNkOCUyNyUyMGFsbG93cGF5bWVudHJlcXVlc3QlMjBhbGxvd1RyYW5zcGFyZW5jeSUzRCUyMnRydWUlMjIlM0UlM0MlMkZpZnJhbWUlM0UlM0MlMkZkaXYlM0U=[\/vc_raw_html][\/vc_column][\/vc_row][vc_row][vc_column column_width_percent=\u00bb100&#8243; gutter_size=\u00bb3&#8243; style=\u00bbdark\u00bb back_color=\u00bbcolor-173480&#8243; overlay_alpha=\u00bb50&#8243; shift_x=\u00bb0&#8243; shift_y=\u00bb4&#8243; shift_y_down=\u00bb-4&#8243; z_index=\u00bb3&#8243; medium_width=\u00bb0&#8243; mobile_width=\u00bb0&#8243; width=\u00bb1\/1&#8243; uncode_shortcode_id=\u00bb210692&#8243; back_color_type=\u00bbuncode-palette\u00bb el_class=\u00bbborder-radius-item\u00bb][vc_row_inner][vc_column_inner column_width_percent=\u00bb100&#8243; position_vertical=\u00bbmiddle\u00bb gutter_size=\u00bb3&#8243; style=\u00bbdark\u00bb overlay_alpha=\u00bb50&#8243; shift_x=\u00bb0&#8243; shift_y=\u00bb0&#8243; shift_y_down=\u00bb0&#8243; z_index=\u00bb0&#8243; medium_width=\u00bb0&#8243; mobile_width=\u00bb0&#8243; width=\u00bb2\/3&#8243; uncode_shortcode_id=\u00bb419300&#8243;][vc_custom_heading heading_semantic=\u00bbh3&#8243; text_font=\u00bbfont-185035&#8243; text_size=\u00bbh4&#8243; uncode_shortcode_id=\u00bb547908&#8243;]Para obtener m\u00e1s informaci\u00f3n sobre la implicaci\u00f3n del CAVAS con la comunidad, consulte nuestros informes de actividades.[\/vc_custom_heading][\/vc_column_inner][vc_column_inner column_width_percent=\u00bb100&#8243; position_vertical=\u00bbmiddle\u00bb align_horizontal=\u00bbalign_center\u00bb gutter_size=\u00bb3&#8243; style=\u00bbdark\u00bb overlay_alpha=\u00bb50&#8243; shift_x=\u00bb0&#8243; shift_y=\u00bb0&#8243; shift_y_down=\u00bb0&#8243; z_index=\u00bb0&#8243; medium_width=\u00bb0&#8243; mobile_width=\u00bb0&#8243; width=\u00bb1\/3&#8243; uncode_shortcode_id=\u00bb129237&#8243;][vc_button button_color=\u00bbcolor-156806&#8243; border_width=\u00bb0&#8243; button_color_type=\u00bbuncode-palette\u00bb uncode_shortcode_id=\u00bb992252&#8243; link=\u00bburl:https%3A%2F%2Fcavas-info.org%2Fcategorie%2Frapports-dactivites%2F\u00bb]Consulte nuestros informes de actividades[\/vc_button][\/vc_column_inner][\/vc_row_inner][\/vc_column][\/vc_row][vc_row row_height_percent=\u00bb0&#8243; override_padding=\u00bbyes\u00bb h_padding=\u00bb2&#8243; top_padding=\u00bb5&#8243; bottom_padding=\u00bb3&#8243; back_color=\u00bbcolor-201767&#8243; back_image=\u00bb167&#8243; overlay_color=\u00bbcolor-201767&#8243; overlay_alpha=\u00bb50&#8243; gutter_size=\u00bb3&#8243; column_width_percent=\u00bb100&#8243; shift_y=\u00bb0&#8243; z_index=\u00bb0&#8243; uncode_shortcode_id=\u00bb130446&#8243; back_color_type=\u00bbuncode-palette\u00bb overlay_color_type=\u00bbuncode-palette\u00bb][vc_column column_width_percent=\u00bb100&#8243; position_vertical=\u00bbmiddle\u00bb align_horizontal=\u00bbalign_center\u00bb gutter_size=\u00bb2&#8243; style=\u00bbdark\u00bb overlay_alpha=\u00bb50&#8243; shift_x=\u00bb0&#8243; shift_y=\u00bb0&#8243; shift_y_down=\u00bb0&#8243; z_index=\u00bb0&#8243; medium_width=\u00bb0&#8243; mobile_width=\u00bb0&#8243; width=\u00bb1\/1&#8243; uncode_shortcode_id=\u00bb203917&#8243;][vc_custom_heading text_color=\u00bbaccent\u00bb heading_semantic=\u00bbp\u00bb text_font=\u00bbfont-185035&#8243; text_size=\u00bbh5&#8243; text_weight=\u00bb400&#8243; text_transform=\u00bbuppercase\u00bb uncode_shortcode_id=\u00bb147901&#8243; text_color_type=\u00bbuncode-palette\u00bb]\u00bfAlguna pregunta?[\/vc_custom_heading][vc_custom_heading uncode_shortcode_id=\u00bb520028&#8243;]Cont\u00e1ctenos.[\/vc_custom_heading][vc_button button_color=\u00bbcolor-156806&#8243; border_width=\u00bb0&#8243; link=\u00bburl:https%3A\/\/cavas-info.org%2Fsinformer%2Fquestionnaire%2F|title:Questionnaire\u00bb button_color_type=\u00bbuncode-palette\u00bb uncode_shortcode_id=\u00bb227732&#8243;]A\u00f1adir el CAVAS[\/vc_button][\/vc_column][\/vc_row]<\/p>\n<\/div>","protected":false},"excerpt":{"rendered":"<p>[vc_row row_height_percent=\u00bb0&#8243; override_padding=\u00bbyes\u00bb h_padding=\u00bb2&#8243; top_padding=\u00bb3&#8243; bottom_padding=\u00bb3&#8243; overlay_alpha=\u00bb50&#8243; equal_height=\u00bbyes\u00bb gutter_size=\u00bb3&#8243; column_width_percent=\u00bb100&#8243; shift_y=\u00bb0&#8243; z_index=\u00bb0&#8243; bottom_divider=\u00bbgradient\u00bb uncode_shortcode_id=\u00bb689429&#8243;][vc_column column_width_percent=\u00bb100&#8243; gutter_size=\u00bb3&#8243; overlay_alpha=\u00bb50&#8243; shift_x=\u00bb0&#8243; shift_y=\u00bb0&#8243; shift_y_down=\u00bb0&#8243; [&hellip;]<\/p>\n","protected":false},"author":1,"featured_media":0,"parent":1886,"menu_order":0,"comment_status":"closed","ping_status":"closed","template":"","meta":{"_acf_changed":false,"footnotes":""},"class_list":["post-1889","page","type-page","status-publish","hentry"],"acf":[],"yoast_head":"<!-- This site is optimized with the Yoast SEO plugin v26.6 - https:\/\/yoast.com\/wordpress\/plugins\/seo\/ -->\n<title>Convi\u00e9rtete en miembro | CAVAS<\/title>\n<meta name=\"description\" content=\"CAVAS ofrece un lugar seguro y confidencial donde todas las personas afectadas por agresiones sexuales ser\u00e1n escuchadas, cre\u00eddas y reconocidas.\" \/>\n<meta name=\"robots\" content=\"index, follow, max-snippet:-1, max-image-preview:large, max-video-preview:-1\" \/>\n<link rel=\"canonical\" href=\"https:\/\/cavas-info.org\/es\/tu-participacion-en-cavas-marca-la-diferencia\/conviertete-en-miembro\/\" \/>\n<meta property=\"og:locale\" content=\"es_ES\" \/>\n<meta property=\"og:type\" content=\"article\" \/>\n<meta property=\"og:title\" content=\"Convi\u00e9rtete en miembro | CAVAS\" \/>\n<meta property=\"og:description\" content=\"CAVAS ofrece un lugar seguro y confidencial donde todas las personas afectadas por agresiones sexuales ser\u00e1n escuchadas, cre\u00eddas y reconocidas.\" \/>\n<meta property=\"og:url\" content=\"https:\/\/cavas-info.org\/es\/tu-participacion-en-cavas-marca-la-diferencia\/conviertete-en-miembro\/\" \/>\n<meta property=\"og:site_name\" content=\"CAVAS\" \/>\n<meta property=\"article:modified_time\" content=\"2025-12-19T15:34:27+00:00\" \/>\n<meta property=\"og:image\" content=\"https:\/\/cavas-info.org\/wp-content\/uploads\/2024\/04\/social.png\" \/>\n\t<meta property=\"og:image:width\" content=\"1200\" \/>\n\t<meta property=\"og:image:height\" content=\"675\" \/>\n\t<meta property=\"og:image:type\" content=\"image\/png\" \/>\n<meta name=\"twitter:card\" content=\"summary_large_image\" \/>\n<meta name=\"twitter:label1\" content=\"Tiempo de lectura\" \/>\n\t<meta name=\"twitter:data1\" content=\"2 minutos\" \/>\n<script type=\"application\/ld+json\" class=\"yoast-schema-graph\">{\"@context\":\"https:\/\/schema.org\",\"@graph\":[{\"@type\":\"WebPage\",\"@id\":\"https:\/\/cavas-info.org\/es\/tu-participacion-en-cavas-marca-la-diferencia\/conviertete-en-miembro\/\",\"url\":\"https:\/\/cavas-info.org\/es\/tu-participacion-en-cavas-marca-la-diferencia\/conviertete-en-miembro\/\",\"name\":\"Convi\u00e9rtete en miembro | CAVAS\",\"isPartOf\":{\"@id\":\"https:\/\/cavas-info.org\/es\/#website\"},\"datePublished\":\"2023-11-02T18:05:57+00:00\",\"dateModified\":\"2025-12-19T15:34:27+00:00\",\"description\":\"CAVAS ofrece un lugar seguro y confidencial donde todas las personas afectadas por agresiones sexuales ser\u00e1n escuchadas, cre\u00eddas y reconocidas.\",\"breadcrumb\":{\"@id\":\"https:\/\/cavas-info.org\/es\/tu-participacion-en-cavas-marca-la-diferencia\/conviertete-en-miembro\/#breadcrumb\"},\"inLanguage\":\"es\",\"potentialAction\":[{\"@type\":\"ReadAction\",\"target\":[\"https:\/\/cavas-info.org\/es\/tu-participacion-en-cavas-marca-la-diferencia\/conviertete-en-miembro\/\"]}]},{\"@type\":\"BreadcrumbList\",\"@id\":\"https:\/\/cavas-info.org\/es\/tu-participacion-en-cavas-marca-la-diferencia\/conviertete-en-miembro\/#breadcrumb\",\"itemListElement\":[{\"@type\":\"ListItem\",\"position\":1,\"name\":\"Accueil\",\"item\":\"https:\/\/cavas-info.org\/es\/\"},{\"@type\":\"ListItem\",\"position\":2,\"name\":\"\u00a1Tu participaci\u00f3n en CAVAS marca la diferencia!\",\"item\":\"https:\/\/cavas-info.org\/es\/tu-participacion-en-cavas-marca-la-diferencia\/\"},{\"@type\":\"ListItem\",\"position\":3,\"name\":\"Convi\u00e9rtete en miembro\"}]},{\"@type\":\"WebSite\",\"@id\":\"https:\/\/cavas-info.org\/es\/#website\",\"url\":\"https:\/\/cavas-info.org\/es\/\",\"name\":\"CAVAS\",\"description\":\"Centro de ayuda parav\u00edctimas de agresi\u00f3n sexual Richelieu-Yamaska Sorel-Tracy\",\"publisher\":{\"@id\":\"https:\/\/cavas-info.org\/es\/#organization\"},\"alternateName\":\"CAVAS\",\"potentialAction\":[{\"@type\":\"SearchAction\",\"target\":{\"@type\":\"EntryPoint\",\"urlTemplate\":\"https:\/\/cavas-info.org\/es\/?s={search_term_string}\"},\"query-input\":{\"@type\":\"PropertyValueSpecification\",\"valueRequired\":true,\"valueName\":\"search_term_string\"}}],\"inLanguage\":\"es\"},{\"@type\":\"Organization\",\"@id\":\"https:\/\/cavas-info.org\/es\/#organization\",\"name\":\"CAVAS\",\"alternateName\":\"CAVAS\",\"url\":\"https:\/\/cavas-info.org\/es\/\",\"logo\":{\"@type\":\"ImageObject\",\"inLanguage\":\"es\",\"@id\":\"https:\/\/cavas-info.org\/es\/#\/schema\/logo\/image\/\",\"url\":\"https:\/\/cavas-info.org\/wp-content\/uploads\/2024\/04\/logo.png\",\"contentUrl\":\"https:\/\/cavas-info.org\/wp-content\/uploads\/2024\/04\/logo.png\",\"width\":512,\"height\":512,\"caption\":\"CAVAS\"},\"image\":{\"@id\":\"https:\/\/cavas-info.org\/es\/#\/schema\/logo\/image\/\"}}]}<\/script>\n<!-- \/ Yoast SEO plugin. -->","yoast_head_json":{"title":"Convi\u00e9rtete en miembro | CAVAS","description":"CAVAS ofrece un lugar seguro y confidencial donde todas las personas afectadas por agresiones sexuales ser\u00e1n escuchadas, cre\u00eddas y reconocidas.","robots":{"index":"index","follow":"follow","max-snippet":"max-snippet:-1","max-image-preview":"max-image-preview:large","max-video-preview":"max-video-preview:-1"},"canonical":"https:\/\/cavas-info.org\/es\/tu-participacion-en-cavas-marca-la-diferencia\/conviertete-en-miembro\/","og_locale":"es_ES","og_type":"article","og_title":"Convi\u00e9rtete en miembro | CAVAS","og_description":"CAVAS ofrece un lugar seguro y confidencial donde todas las personas afectadas por agresiones sexuales ser\u00e1n escuchadas, cre\u00eddas y reconocidas.","og_url":"https:\/\/cavas-info.org\/es\/tu-participacion-en-cavas-marca-la-diferencia\/conviertete-en-miembro\/","og_site_name":"CAVAS","article_modified_time":"2025-12-19T15:34:27+00:00","og_image":[{"width":1200,"height":675,"url":"https:\/\/cavas-info.org\/wp-content\/uploads\/2024\/04\/social.png","type":"image\/png"}],"twitter_card":"summary_large_image","twitter_misc":{"Tiempo de lectura":"2 minutos"},"schema":{"@context":"https:\/\/schema.org","@graph":[{"@type":"WebPage","@id":"https:\/\/cavas-info.org\/es\/tu-participacion-en-cavas-marca-la-diferencia\/conviertete-en-miembro\/","url":"https:\/\/cavas-info.org\/es\/tu-participacion-en-cavas-marca-la-diferencia\/conviertete-en-miembro\/","name":"Convi\u00e9rtete en miembro | CAVAS","isPartOf":{"@id":"https:\/\/cavas-info.org\/es\/#website"},"datePublished":"2023-11-02T18:05:57+00:00","dateModified":"2025-12-19T15:34:27+00:00","description":"CAVAS ofrece un lugar seguro y confidencial donde todas las personas afectadas por agresiones sexuales ser\u00e1n escuchadas, cre\u00eddas y reconocidas.","breadcrumb":{"@id":"https:\/\/cavas-info.org\/es\/tu-participacion-en-cavas-marca-la-diferencia\/conviertete-en-miembro\/#breadcrumb"},"inLanguage":"es","potentialAction":[{"@type":"ReadAction","target":["https:\/\/cavas-info.org\/es\/tu-participacion-en-cavas-marca-la-diferencia\/conviertete-en-miembro\/"]}]},{"@type":"BreadcrumbList","@id":"https:\/\/cavas-info.org\/es\/tu-participacion-en-cavas-marca-la-diferencia\/conviertete-en-miembro\/#breadcrumb","itemListElement":[{"@type":"ListItem","position":1,"name":"Accueil","item":"https:\/\/cavas-info.org\/es\/"},{"@type":"ListItem","position":2,"name":"\u00a1Tu participaci\u00f3n en CAVAS marca la diferencia!","item":"https:\/\/cavas-info.org\/es\/tu-participacion-en-cavas-marca-la-diferencia\/"},{"@type":"ListItem","position":3,"name":"Convi\u00e9rtete en miembro"}]},{"@type":"WebSite","@id":"https:\/\/cavas-info.org\/es\/#website","url":"https:\/\/cavas-info.org\/es\/","name":"CAVAS","description":"Centro de ayuda parav\u00edctimas de agresi\u00f3n sexual Richelieu-Yamaska Sorel-Tracy","publisher":{"@id":"https:\/\/cavas-info.org\/es\/#organization"},"alternateName":"CAVAS","potentialAction":[{"@type":"SearchAction","target":{"@type":"EntryPoint","urlTemplate":"https:\/\/cavas-info.org\/es\/?s={search_term_string}"},"query-input":{"@type":"PropertyValueSpecification","valueRequired":true,"valueName":"search_term_string"}}],"inLanguage":"es"},{"@type":"Organization","@id":"https:\/\/cavas-info.org\/es\/#organization","name":"CAVAS","alternateName":"CAVAS","url":"https:\/\/cavas-info.org\/es\/","logo":{"@type":"ImageObject","inLanguage":"es","@id":"https:\/\/cavas-info.org\/es\/#\/schema\/logo\/image\/","url":"https:\/\/cavas-info.org\/wp-content\/uploads\/2024\/04\/logo.png","contentUrl":"https:\/\/cavas-info.org\/wp-content\/uploads\/2024\/04\/logo.png","width":512,"height":512,"caption":"CAVAS"},"image":{"@id":"https:\/\/cavas-info.org\/es\/#\/schema\/logo\/image\/"}}]}},"_links":{"self":[{"href":"https:\/\/cavas-info.org\/es\/wp-json\/wp\/v2\/pages\/1889","targetHints":{"allow":["GET"]}}],"collection":[{"href":"https:\/\/cavas-info.org\/es\/wp-json\/wp\/v2\/pages"}],"about":[{"href":"https:\/\/cavas-info.org\/es\/wp-json\/wp\/v2\/types\/page"}],"author":[{"embeddable":true,"href":"https:\/\/cavas-info.org\/es\/wp-json\/wp\/v2\/users\/1"}],"replies":[{"embeddable":true,"href":"https:\/\/cavas-info.org\/es\/wp-json\/wp\/v2\/comments?post=1889"}],"version-history":[{"count":1,"href":"https:\/\/cavas-info.org\/es\/wp-json\/wp\/v2\/pages\/1889\/revisions"}],"predecessor-version":[{"id":1890,"href":"https:\/\/cavas-info.org\/es\/wp-json\/wp\/v2\/pages\/1889\/revisions\/1890"}],"up":[{"embeddable":true,"href":"https:\/\/cavas-info.org\/es\/wp-json\/wp\/v2\/pages\/1886"}],"wp:attachment":[{"href":"https:\/\/cavas-info.org\/es\/wp-json\/wp\/v2\/media?parent=1889"}],"curies":[{"name":"wp","href":"https:\/\/api.w.org\/{rel}","templated":true}]}}