{"id":1903,"date":"2023-11-02T13:59:06","date_gmt":"2023-11-02T17:59:06","guid":{"rendered":"https:\/\/cavas-info.org\/?page_id=1903"},"modified":"2025-12-19T12:04:56","modified_gmt":"2025-12-19T17:04:56","slug":"seres-queridos","status":"publish","type":"page","link":"https:\/\/cavas-info.org\/es\/que-hacer\/seres-queridos\/","title":{"rendered":"Seres queridos"},"content":{"rendered":"<div class=\"wpb-content-wrapper\"><p>[vc_row row_height_percent=\u00bb0&#8243; override_padding=\u00bbyes\u00bb h_padding=\u00bb2&#8243; top_padding=\u00bb4&#8243; bottom_padding=\u00bb4&#8243; overlay_alpha=\u00bb50&#8243; gutter_size=\u00bb3&#8243; column_width_percent=\u00bb100&#8243; shift_y=\u00bb0&#8243; z_index=\u00bb0&#8243; enable_bottom_divider=\u00bbdefault\u00bb bottom_divider=\u00bbgradient\u00bb shape_bottom_h_use_pixel=\u00bbtrue\u00bb shape_bottom_height_percent=\u00bb33&#8243; shape_bottom_color=\u00bbaccent\u00bb shape_bottom_opacity=\u00bb29&#8243; shape_bottom_index=\u00bb0&#8243; uncode_shortcode_id=\u00bb138575&#8243; shape_bottom_color_type=\u00bbuncode-palette\u00bb][vc_column column_width_percent=\u00bb100&#8243; position_vertical=\u00bbbottom\u00bb gutter_size=\u00bb3&#8243; override_padding=\u00bbyes\u00bb column_padding=\u00bb0&#8243; back_image=\u00bb1356&#8243; overlay_alpha=\u00bb50&#8243; shift_x=\u00bb0&#8243; shift_y=\u00bb0&#8243; shift_y_down=\u00bb0&#8243; z_index=\u00bb0&#8243; medium_width=\u00bb0&#8243; mobile_width=\u00bb0&#8243; css_animation=\u00bbalpha-anim\u00bb width=\u00bb1\/2&#8243; uncode_shortcode_id=\u00bb146454&#8243; el_class=\u00bbborder-radius-item\u00bb][vc_single_image media=\u00bb1472&#8243; media_width_percent=\u00bb100&#8243; uncode_shortcode_id=\u00bb200173&#8243;][\/vc_column][vc_column column_width_percent=\u00bb100&#8243; position_vertical=\u00bbmiddle\u00bb gutter_size=\u00bb2&#8243; overlay_alpha=\u00bb50&#8243; shift_x=\u00bb0&#8243; shift_y=\u00bb0&#8243; shift_y_down=\u00bb0&#8243; z_index=\u00bb0&#8243; medium_width=\u00bb0&#8243; mobile_width=\u00bb0&#8243; css_animation=\u00bbalpha-anim\u00bb width=\u00bb1\/2&#8243; uncode_shortcode_id=\u00bb107234&#8243;][vc_custom_heading text_color=\u00bbaccent\u00bb heading_semantic=\u00bbp\u00bb text_font=\u00bbfont-185035&#8243; text_size=\u00bbh4&#8243; text_weight=\u00bb400&#8243; text_transform=\u00bbuppercase\u00bb uncode_shortcode_id=\u00bb115343&#8243; text_color_type=\u00bbuncode-palette\u00bb]Qu\u00e9 hacer[\/vc_custom_heading][vc_custom_heading heading_semantic=\u00bbh1&#8243; uncode_shortcode_id=\u00bb193116&#8243;]\u00bfUn ser querido fue v\u00edctima de violencia sexual?[\/vc_custom_heading][vc_column_text uncode_shortcode_id=\u00bb768887&#8243;]Ya seas la madre, el padre, el\/la c\u00f3nyuge, una amistad o la hija o el hijo de alguien que sufri\u00f3 violencia sexual, es completamente normal no saber c\u00f3mo reaccionar o qu\u00e9 decir, o que tengas muchas preguntas. Sin importar el contexto, lo deseable es revelar* la violencia sexual con el apoyo de personas id\u00f3neas. En CAVAS, ofrecemos servicios de ayuda directa a los seres queridos de las v\u00edctimas de violencia sexual, independientemente de la edad de la v\u00edctima y de si recibe atenci\u00f3n.<\/p>\n<p>*\u00a0La revelaci\u00f3n es cuando una v\u00edctima de violencia sexual rompe el silencio acerca de su experiencia (reciente o pasada) ante un ser querido o un profesional (no es obligatorio que intervenga la polic\u00eda).[\/vc_column_text][vc_button button_color=\u00bbcolor-156806&#8243; border_width=\u00bb0&#8243; link=\u00bburl:https%3A%2F%2Fcavas-info.org%2Fes%2Fcontacto%2F|title:Nous%20joindre\u00bb button_color_type=\u00bbuncode-palette\u00bb uncode_shortcode_id=\u00bb361447&#8243;]Buscar ayuda[\/vc_button][\/vc_column][\/vc_row][vc_row row_height_percent=\u00bb0&#8243; override_padding=\u00bbyes\u00bb h_padding=\u00bb2&#8243; top_padding=\u00bb4&#8243; bottom_padding=\u00bb2&#8243; overlay_alpha=\u00bb11&#8243; gutter_size=\u00bb3&#8243; column_width_percent=\u00bb100&#8243; shift_y=\u00bb0&#8243; z_index=\u00bb0&#8243; bottom_divider=\u00bbgradient\u00bb uncode_shortcode_id=\u00bb143499&#8243;][vc_column column_width_percent=\u00bb100&#8243; position_vertical=\u00bbmiddle\u00bb gutter_size=\u00bb2&#8243; overlay_alpha=\u00bb50&#8243; shift_x=\u00bb0&#8243; shift_y=\u00bb0&#8243; shift_y_down=\u00bb0&#8243; z_index=\u00bb5&#8243; medium_width=\u00bb0&#8243; mobile_width=\u00bb0&#8243; width=\u00bb1\/1&#8243; uncode_shortcode_id=\u00bb119155&#8243;][vc_custom_heading uncode_shortcode_id=\u00bb181572&#8243;]Seres queridos: <strong>posibles efectos y reacciones<\/strong>[\/vc_custom_heading][vc_column_text uncode_shortcode_id=\u00bb923884&#8243;]Todo ser querido de una v\u00edctima de violencia sexual puede verse afectado por este tipo de situaci\u00f3n. No existen emociones \u201cnormales\u201d cuando un ser querido sufre violencia sexual. No obstante, es importante lidiar con estas emociones de forma adecuada y expresarlas ante las personas indicadas. Es fundamental recordar que la v\u00edctima nunca es responsable de este tipo de delito, sin importar el contexto en el cual ocurri\u00f3.<\/p>\n<p>Por lo tanto, buscar ayuda profesional y recursos pertinentes puede ser muy beneficioso y de gran ayuda tanto para el ser querido como para la v\u00edctima. El gran apoyo y el involucramiento de los seres queridos es de gran ayuda para la recuperaci\u00f3n de la v\u00edctima.[\/vc_column_text][vc_empty_space empty_h=\u00bb2&#8243;][vc_custom_heading text_color=\u00bbaccent\u00bb heading_semantic=\u00bbp\u00bb text_font=\u00bbfont-185035&#8243; text_size=\u00bbh4&#8243; uncode_shortcode_id=\u00bb118887&#8243; text_color_type=\u00bbuncode-palette\u00bb]A continuaci\u00f3n, se presentan algunos ejemplos de posibles reacciones de seres queridos:[\/vc_custom_heading][vc_row_inner][vc_column_inner width=\u00bb1\/3&#8243;][uncode_list icon=\u00bbfa fa-arrow-right2&#8243; icon_color=\u00bbaccent\u00bb uncode_shortcode_id=\u00bb117372&#8243; icon_color_type=\u00bbuncode-palette\u00bb]<\/p>\n<ul>\n<li>ira o verg\u00fcenza;<\/li>\n<li>culpa;<\/li>\n<li>impotencia;<\/li>\n<li>tristeza;<\/li>\n<\/ul>\n<p>[\/uncode_list][\/vc_column_inner][vc_column_inner width=\u00bb1\/3&#8243;][uncode_list icon=\u00bbfa fa-arrow-right2&#8243; icon_color=\u00bbaccent\u00bb uncode_shortcode_id=\u00bb203532&#8243; icon_color_type=\u00bbuncode-palette\u00bb]<\/p>\n<ul>\n<li>miedo;<\/li>\n<li>falta de comprensi\u00f3n;<\/li>\n<li>sorpresa;<\/li>\n<li>sobreprotecci\u00f3n;<\/li>\n<\/ul>\n<p>[\/uncode_list][\/vc_column_inner][vc_column_inner width=\u00bb1\/3&#8243;][uncode_list icon=\u00bbfa fa-arrow-right2&#8243; icon_color=\u00bbaccent\u00bb uncode_shortcode_id=\u00bb291656&#8243; icon_color_type=\u00bbuncode-palette\u00bb]<\/p>\n<ul>\n<li>problemas en la relaci\u00f3n conyugal;<\/li>\n<li>resurgimiento de la experiencia pasada de violencia sexual debido a la revelaci\u00f3n;<\/li>\n<li>falta de disciplina por parte de un ni\u00f1o o una ni\u00f1a;<\/li>\n<li>etc.<\/li>\n<\/ul>\n<p>[\/uncode_list][\/vc_column_inner][\/vc_row_inner][\/vc_column][\/vc_row][vc_row][vc_column width=\u00bb1\/1&#8243;][vc_separator sep_color=\u00bb\u00bb uncode_shortcode_id=\u00bb299211&#8243;][\/vc_column][\/vc_row][vc_row row_height_percent=\u00bb0&#8243; override_padding=\u00bbyes\u00bb h_padding=\u00bb2&#8243; top_padding=\u00bb2&#8243; bottom_padding=\u00bb2&#8243; overlay_alpha=\u00bb50&#8243; gutter_size=\u00bb3&#8243; column_width_percent=\u00bb100&#8243; shift_y=\u00bb0&#8243; z_index=\u00bb0&#8243; uncode_shortcode_id=\u00bb552184&#8243;][vc_column column_width_percent=\u00bb100&#8243; position_vertical=\u00bbmiddle\u00bb gutter_size=\u00bb2&#8243; overlay_alpha=\u00bb50&#8243; shift_x=\u00bb0&#8243; shift_y=\u00bb0&#8243; shift_y_down=\u00bb0&#8243; z_index=\u00bb0&#8243; medium_width=\u00bb0&#8243; mobile_width=\u00bb0&#8243; width=\u00bb2\/3&#8243; uncode_shortcode_id=\u00bb403835&#8243;][vc_custom_heading heading_semantic=\u00bbh3&#8243; text_font=\u00bbfont-185035&#8243; text_size=\u00bbh3&#8243; uncode_shortcode_id=\u00bb149307&#8243;]Si la v\u00edctima es menor de edad, es importante no prometer mantenerlo en secreto.[\/vc_custom_heading][vc_column_text uncode_shortcode_id=\u00bb333972&#8243;]\u00bfPor qu\u00e9? De acuerdo con la Ley de Protecci\u00f3n de J\u00f3venes, toda persona que tenga una causa para creer que una ni\u00f1a o un ni\u00f1o es v\u00edctima de abuso sexual debe denunciar la situaci\u00f3n ante el\/la directora\/a de Protecci\u00f3n de la Juventud (<em>Direction de la protection de la jeunesse, DPJ<\/em>) al\u00a01-800-361-8665, independientemente de la identidad del\/de la autor\/a y las medidas tomadas por los padres o tutores para corregir la situaci\u00f3n. Puedes decirle a la ni\u00f1a o al ni\u00f1o que hizo lo correcto en contarte. Es importante no hacerle preguntas (m\u00e1s bien, deja que hable con libertad con sus propias palabras).<\/p>\n<p>Tambi\u00e9n puede pasar que no sepas c\u00f3mo ayudar a la persona. En ese caso, puedes hablarle con honestidad y reconocer lo que dice. Puedes escuchar a la persona y darle tu apoyo sin ser consejero\/a. No dudes en <a href=\"https:\/\/cavas-info.org\/es\/contacto\/\">comunicarte con CAVAS<\/a> para recibir apoyo.[\/vc_column_text][\/vc_column][vc_column column_width_percent=\u00bb100&#8243; gutter_size=\u00bb2&#8243; style=\u00bbdark\u00bb back_color=\u00bbcolor-156806&#8243; overlay_alpha=\u00bb50&#8243; shift_x=\u00bb0&#8243; shift_y=\u00bb0&#8243; shift_y_down=\u00bb0&#8243; z_index=\u00bb0&#8243; medium_width=\u00bb0&#8243; mobile_width=\u00bb0&#8243; width=\u00bb1\/3&#8243; uncode_shortcode_id=\u00bb139743&#8243; back_color_type=\u00bbuncode-palette\u00bb el_class=\u00bbborder-radius-item\u00bb][vc_custom_heading text_color=\u00bbcolor-173480&#8243; heading_semantic=\u00bbp\u00bb text_font=\u00bbfont-185035&#8243; text_size=\u00bbh4&#8243; uncode_shortcode_id=\u00bb138341&#8243; text_color_type=\u00bbuncode-palette\u00bb]Para apoyar mejor a la v\u00edctima,[\/vc_custom_heading][vc_custom_heading heading_semantic=\u00bbp\u00bb text_font=\u00bbfont-185035&#8243; text_size=\u00bb\u00bb uncode_shortcode_id=\u00bb181390&#8243;]recomendamos encarecidamente que leas la secci\u00f3n \u201cLas <a href=\"https:\/\/cavas-info.org\/es\/que-hacer\/actitudes-de-apoyo\/\">actitudes de apoyo<\/a> que se deben adoptar cuando alguien revela violencia sexual\u201d.[\/vc_custom_heading][\/vc_column][\/vc_row][vc_row][vc_column column_width_percent=\u00bb100&#8243; gutter_size=\u00bb3&#8243; style=\u00bbdark\u00bb back_color=\u00bbcolor-173480&#8243; overlay_alpha=\u00bb50&#8243; shift_x=\u00bb0&#8243; shift_y=\u00bb4&#8243; shift_y_down=\u00bb-4&#8243; z_index=\u00bb3&#8243; medium_width=\u00bb0&#8243; mobile_width=\u00bb0&#8243; width=\u00bb1\/1&#8243; uncode_shortcode_id=\u00bb210692&#8243; back_color_type=\u00bbuncode-palette\u00bb el_class=\u00bbborder-radius-item\u00bb][vc_row_inner][vc_column_inner column_width_percent=\u00bb100&#8243; position_vertical=\u00bbmiddle\u00bb align_horizontal=\u00bbalign_center\u00bb gutter_size=\u00bb3&#8243; style=\u00bbdark\u00bb overlay_alpha=\u00bb50&#8243; shift_x=\u00bb0&#8243; shift_y=\u00bb0&#8243; shift_y_down=\u00bb0&#8243; z_index=\u00bb0&#8243; medium_width=\u00bb0&#8243; mobile_width=\u00bb0&#8243; width=\u00bb2\/3&#8243; uncode_shortcode_id=\u00bb192449&#8243;][vc_custom_heading heading_semantic=\u00bbp\u00bb text_font=\u00bbfont-185035&#8243; text_size=\u00bbh4&#8243; uncode_shortcode_id=\u00bb184733&#8243;]Pon a prueba tus conocimientos sobre la violencia sexual con este trivia.[\/vc_custom_heading][\/vc_column_inner][vc_column_inner column_width_percent=\u00bb100&#8243; position_vertical=\u00bbmiddle\u00bb align_horizontal=\u00bbalign_center\u00bb gutter_size=\u00bb3&#8243; style=\u00bbdark\u00bb overlay_alpha=\u00bb50&#8243; shift_x=\u00bb0&#8243; shift_y=\u00bb0&#8243; shift_y_down=\u00bb0&#8243; z_index=\u00bb0&#8243; medium_width=\u00bb0&#8243; mobile_width=\u00bb0&#8243; width=\u00bb1\/3&#8243; uncode_shortcode_id=\u00bb129237&#8243;][vc_button button_color=\u00bbcolor-156806&#8243; border_width=\u00bb0&#8243; link=\u00bburl:https%3A%2F%2Fcavas-info.org%2Fes%2Fobten-informacion%2Ftrivia%2F|title:Questionnaire\u00bb button_color_type=\u00bbuncode-palette\u00bb uncode_shortcode_id=\u00bb132778&#8243;]Ver el trivia[\/vc_button][\/vc_column_inner][\/vc_row_inner][\/vc_column][\/vc_row][vc_row row_height_percent=\u00bb0&#8243; override_padding=\u00bbyes\u00bb h_padding=\u00bb2&#8243; top_padding=\u00bb5&#8243; bottom_padding=\u00bb3&#8243; back_color=\u00bbcolor-201767&#8243; back_image=\u00bb167&#8243; overlay_color=\u00bbcolor-201767&#8243; overlay_alpha=\u00bb50&#8243; gutter_size=\u00bb3&#8243; column_width_percent=\u00bb100&#8243; shift_y=\u00bb0&#8243; z_index=\u00bb0&#8243; uncode_shortcode_id=\u00bb130446&#8243; back_color_type=\u00bbuncode-palette\u00bb overlay_color_type=\u00bbuncode-palette\u00bb][vc_column column_width_percent=\u00bb100&#8243; gutter_size=\u00bb3&#8243; style=\u00bbdark\u00bb overlay_alpha=\u00bb50&#8243; shift_x=\u00bb0&#8243; shift_y=\u00bb0&#8243; shift_y_down=\u00bb0&#8243; z_index=\u00bb0&#8243; medium_width=\u00bb0&#8243; mobile_width=\u00bb0&#8243; width=\u00bb1\/1&#8243; uncode_shortcode_id=\u00bb176301&#8243;][uncode_index el_id=\u00bbindex-597178&#8243; loop=\u00bbsize:4|order_by:date|post_type:page|by_id:62,60,54,56|taxonomy_count:10&#8243; screen_lg=\u00bb1000&#8243; screen_md=\u00bb600&#8243; screen_sm=\u00bb480&#8243; gutter_size=\u00bb3&#8243; page_items=\u00bbmedia|featured|onpost|original,title\u00bb services_items=\u00bbmedia|featured|onpost|original,title\u00bb single_width=\u00bb3&#8243; images_size=\u00bbtwo-one\u00bb single_style=\u00bbdark\u00bb single_overlay_color=\u00bbcolor-201767&#8243; single_overlay_opacity=\u00bb50&#8243; single_padding=\u00bb2&#8243; single_title_family=\u00bbfont-185035&#8243; single_title_dimension=\u00bbh4&#8243; single_border=\u00bbyes\u00bb single_css_animation=\u00bbbottom-t-top\u00bb uncode_shortcode_id=\u00bb162739&#8243; single_icon=\u00bbfa fa-arrow-right2&#8243;][\/vc_column][\/vc_row]<\/p>\n<\/div>","protected":false},"excerpt":{"rendered":"<p>[vc_row row_height_percent=\u00bb0&#8243; override_padding=\u00bbyes\u00bb h_padding=\u00bb2&#8243; top_padding=\u00bb4&#8243; bottom_padding=\u00bb4&#8243; overlay_alpha=\u00bb50&#8243; gutter_size=\u00bb3&#8243; column_width_percent=\u00bb100&#8243; shift_y=\u00bb0&#8243; z_index=\u00bb0&#8243; enable_bottom_divider=\u00bbdefault\u00bb bottom_divider=\u00bbgradient\u00bb shape_bottom_h_use_pixel=\u00bbtrue\u00bb shape_bottom_height_percent=\u00bb33&#8243; shape_bottom_color=\u00bbaccent\u00bb shape_bottom_opacity=\u00bb29&#8243; shape_bottom_index=\u00bb0&#8243; uncode_shortcode_id=\u00bb138575&#8243; shape_bottom_color_type=\u00bbuncode-palette\u00bb][vc_column [&hellip;]<\/p>\n","protected":false},"author":1,"featured_media":889,"parent":1899,"menu_order":0,"comment_status":"closed","ping_status":"closed","template":"","meta":{"_acf_changed":false,"footnotes":""},"class_list":["post-1903","page","type-page","status-publish","has-post-thumbnail","hentry"],"acf":[],"yoast_head":"<!-- This site is optimized with the Yoast SEO plugin v26.6 - https:\/\/yoast.com\/wordpress\/plugins\/seo\/ -->\n<title>Seres queridos | CAVAS<\/title>\n<meta name=\"description\" content=\"CAVAS ofrece un lugar seguro y confidencial donde todas las personas afectadas por agresiones sexuales ser\u00e1n escuchadas, cre\u00eddas y reconocidas.\" \/>\n<meta name=\"robots\" content=\"index, follow, max-snippet:-1, max-image-preview:large, max-video-preview:-1\" \/>\n<link rel=\"canonical\" href=\"https:\/\/cavas-info.org\/es\/que-hacer\/seres-queridos\/\" \/>\n<meta property=\"og:locale\" content=\"es_ES\" \/>\n<meta property=\"og:type\" content=\"article\" \/>\n<meta property=\"og:title\" content=\"Seres queridos | CAVAS\" \/>\n<meta property=\"og:description\" content=\"CAVAS ofrece un lugar seguro y confidencial donde todas las personas afectadas por agresiones sexuales ser\u00e1n escuchadas, cre\u00eddas y reconocidas.\" \/>\n<meta property=\"og:url\" content=\"https:\/\/cavas-info.org\/es\/que-hacer\/seres-queridos\/\" \/>\n<meta property=\"og:site_name\" content=\"CAVAS\" \/>\n<meta property=\"article:modified_time\" content=\"2025-12-19T17:04:56+00:00\" \/>\n<meta property=\"og:image\" content=\"https:\/\/cavas-info.org\/wp-content\/uploads\/2024\/03\/cavas-quoi-faire-proche.jpg\" \/>\n\t<meta property=\"og:image:width\" content=\"708\" \/>\n\t<meta property=\"og:image:height\" content=\"352\" \/>\n\t<meta property=\"og:image:type\" content=\"image\/jpeg\" \/>\n<meta name=\"twitter:card\" content=\"summary_large_image\" \/>\n<meta name=\"twitter:label1\" content=\"Tiempo de lectura\" \/>\n\t<meta name=\"twitter:data1\" content=\"5 minutos\" \/>\n<script type=\"application\/ld+json\" class=\"yoast-schema-graph\">{\"@context\":\"https:\/\/schema.org\",\"@graph\":[{\"@type\":\"WebPage\",\"@id\":\"https:\/\/cavas-info.org\/es\/que-hacer\/seres-queridos\/\",\"url\":\"https:\/\/cavas-info.org\/es\/que-hacer\/seres-queridos\/\",\"name\":\"Seres queridos | CAVAS\",\"isPartOf\":{\"@id\":\"https:\/\/cavas-info.org\/es\/#website\"},\"primaryImageOfPage\":{\"@id\":\"https:\/\/cavas-info.org\/es\/que-hacer\/seres-queridos\/#primaryimage\"},\"image\":{\"@id\":\"https:\/\/cavas-info.org\/es\/que-hacer\/seres-queridos\/#primaryimage\"},\"thumbnailUrl\":\"https:\/\/cavas-info.org\/wp-content\/uploads\/2024\/03\/cavas-quoi-faire-proche.jpg\",\"datePublished\":\"2023-11-02T17:59:06+00:00\",\"dateModified\":\"2025-12-19T17:04:56+00:00\",\"description\":\"CAVAS ofrece un lugar seguro y confidencial donde todas las personas afectadas por agresiones sexuales ser\u00e1n escuchadas, cre\u00eddas y reconocidas.\",\"breadcrumb\":{\"@id\":\"https:\/\/cavas-info.org\/es\/que-hacer\/seres-queridos\/#breadcrumb\"},\"inLanguage\":\"es\",\"potentialAction\":[{\"@type\":\"ReadAction\",\"target\":[\"https:\/\/cavas-info.org\/es\/que-hacer\/seres-queridos\/\"]}]},{\"@type\":\"ImageObject\",\"inLanguage\":\"es\",\"@id\":\"https:\/\/cavas-info.org\/es\/que-hacer\/seres-queridos\/#primaryimage\",\"url\":\"https:\/\/cavas-info.org\/wp-content\/uploads\/2024\/03\/cavas-quoi-faire-proche.jpg\",\"contentUrl\":\"https:\/\/cavas-info.org\/wp-content\/uploads\/2024\/03\/cavas-quoi-faire-proche.jpg\",\"width\":708,\"height\":352},{\"@type\":\"BreadcrumbList\",\"@id\":\"https:\/\/cavas-info.org\/es\/que-hacer\/seres-queridos\/#breadcrumb\",\"itemListElement\":[{\"@type\":\"ListItem\",\"position\":1,\"name\":\"Accueil\",\"item\":\"https:\/\/cavas-info.org\/es\/\"},{\"@type\":\"ListItem\",\"position\":2,\"name\":\"\u00bfQu\u00e9 hacer?\",\"item\":\"https:\/\/cavas-info.org\/es\/que-hacer\/\"},{\"@type\":\"ListItem\",\"position\":3,\"name\":\"Seres queridos\"}]},{\"@type\":\"WebSite\",\"@id\":\"https:\/\/cavas-info.org\/es\/#website\",\"url\":\"https:\/\/cavas-info.org\/es\/\",\"name\":\"CAVAS\",\"description\":\"Centro de ayuda parav\u00edctimas de agresi\u00f3n sexual Richelieu-Yamaska Sorel-Tracy\",\"publisher\":{\"@id\":\"https:\/\/cavas-info.org\/es\/#organization\"},\"alternateName\":\"CAVAS\",\"potentialAction\":[{\"@type\":\"SearchAction\",\"target\":{\"@type\":\"EntryPoint\",\"urlTemplate\":\"https:\/\/cavas-info.org\/es\/?s={search_term_string}\"},\"query-input\":{\"@type\":\"PropertyValueSpecification\",\"valueRequired\":true,\"valueName\":\"search_term_string\"}}],\"inLanguage\":\"es\"},{\"@type\":\"Organization\",\"@id\":\"https:\/\/cavas-info.org\/es\/#organization\",\"name\":\"CAVAS\",\"alternateName\":\"CAVAS\",\"url\":\"https:\/\/cavas-info.org\/es\/\",\"logo\":{\"@type\":\"ImageObject\",\"inLanguage\":\"es\",\"@id\":\"https:\/\/cavas-info.org\/es\/#\/schema\/logo\/image\/\",\"url\":\"https:\/\/cavas-info.org\/wp-content\/uploads\/2024\/04\/logo.png\",\"contentUrl\":\"https:\/\/cavas-info.org\/wp-content\/uploads\/2024\/04\/logo.png\",\"width\":512,\"height\":512,\"caption\":\"CAVAS\"},\"image\":{\"@id\":\"https:\/\/cavas-info.org\/es\/#\/schema\/logo\/image\/\"}}]}<\/script>\n<!-- \/ Yoast SEO plugin. -->","yoast_head_json":{"title":"Seres queridos | CAVAS","description":"CAVAS ofrece un lugar seguro y confidencial donde todas las personas afectadas por agresiones sexuales ser\u00e1n escuchadas, cre\u00eddas y reconocidas.","robots":{"index":"index","follow":"follow","max-snippet":"max-snippet:-1","max-image-preview":"max-image-preview:large","max-video-preview":"max-video-preview:-1"},"canonical":"https:\/\/cavas-info.org\/es\/que-hacer\/seres-queridos\/","og_locale":"es_ES","og_type":"article","og_title":"Seres queridos | CAVAS","og_description":"CAVAS ofrece un lugar seguro y confidencial donde todas las personas afectadas por agresiones sexuales ser\u00e1n escuchadas, cre\u00eddas y reconocidas.","og_url":"https:\/\/cavas-info.org\/es\/que-hacer\/seres-queridos\/","og_site_name":"CAVAS","article_modified_time":"2025-12-19T17:04:56+00:00","og_image":[{"width":708,"height":352,"url":"https:\/\/cavas-info.org\/wp-content\/uploads\/2024\/03\/cavas-quoi-faire-proche.jpg","type":"image\/jpeg"}],"twitter_card":"summary_large_image","twitter_misc":{"Tiempo de lectura":"5 minutos"},"schema":{"@context":"https:\/\/schema.org","@graph":[{"@type":"WebPage","@id":"https:\/\/cavas-info.org\/es\/que-hacer\/seres-queridos\/","url":"https:\/\/cavas-info.org\/es\/que-hacer\/seres-queridos\/","name":"Seres queridos | CAVAS","isPartOf":{"@id":"https:\/\/cavas-info.org\/es\/#website"},"primaryImageOfPage":{"@id":"https:\/\/cavas-info.org\/es\/que-hacer\/seres-queridos\/#primaryimage"},"image":{"@id":"https:\/\/cavas-info.org\/es\/que-hacer\/seres-queridos\/#primaryimage"},"thumbnailUrl":"https:\/\/cavas-info.org\/wp-content\/uploads\/2024\/03\/cavas-quoi-faire-proche.jpg","datePublished":"2023-11-02T17:59:06+00:00","dateModified":"2025-12-19T17:04:56+00:00","description":"CAVAS ofrece un lugar seguro y confidencial donde todas las personas afectadas por agresiones sexuales ser\u00e1n escuchadas, cre\u00eddas y reconocidas.","breadcrumb":{"@id":"https:\/\/cavas-info.org\/es\/que-hacer\/seres-queridos\/#breadcrumb"},"inLanguage":"es","potentialAction":[{"@type":"ReadAction","target":["https:\/\/cavas-info.org\/es\/que-hacer\/seres-queridos\/"]}]},{"@type":"ImageObject","inLanguage":"es","@id":"https:\/\/cavas-info.org\/es\/que-hacer\/seres-queridos\/#primaryimage","url":"https:\/\/cavas-info.org\/wp-content\/uploads\/2024\/03\/cavas-quoi-faire-proche.jpg","contentUrl":"https:\/\/cavas-info.org\/wp-content\/uploads\/2024\/03\/cavas-quoi-faire-proche.jpg","width":708,"height":352},{"@type":"BreadcrumbList","@id":"https:\/\/cavas-info.org\/es\/que-hacer\/seres-queridos\/#breadcrumb","itemListElement":[{"@type":"ListItem","position":1,"name":"Accueil","item":"https:\/\/cavas-info.org\/es\/"},{"@type":"ListItem","position":2,"name":"\u00bfQu\u00e9 hacer?","item":"https:\/\/cavas-info.org\/es\/que-hacer\/"},{"@type":"ListItem","position":3,"name":"Seres queridos"}]},{"@type":"WebSite","@id":"https:\/\/cavas-info.org\/es\/#website","url":"https:\/\/cavas-info.org\/es\/","name":"CAVAS","description":"Centro de ayuda parav\u00edctimas de agresi\u00f3n sexual Richelieu-Yamaska Sorel-Tracy","publisher":{"@id":"https:\/\/cavas-info.org\/es\/#organization"},"alternateName":"CAVAS","potentialAction":[{"@type":"SearchAction","target":{"@type":"EntryPoint","urlTemplate":"https:\/\/cavas-info.org\/es\/?s={search_term_string}"},"query-input":{"@type":"PropertyValueSpecification","valueRequired":true,"valueName":"search_term_string"}}],"inLanguage":"es"},{"@type":"Organization","@id":"https:\/\/cavas-info.org\/es\/#organization","name":"CAVAS","alternateName":"CAVAS","url":"https:\/\/cavas-info.org\/es\/","logo":{"@type":"ImageObject","inLanguage":"es","@id":"https:\/\/cavas-info.org\/es\/#\/schema\/logo\/image\/","url":"https:\/\/cavas-info.org\/wp-content\/uploads\/2024\/04\/logo.png","contentUrl":"https:\/\/cavas-info.org\/wp-content\/uploads\/2024\/04\/logo.png","width":512,"height":512,"caption":"CAVAS"},"image":{"@id":"https:\/\/cavas-info.org\/es\/#\/schema\/logo\/image\/"}}]}},"_links":{"self":[{"href":"https:\/\/cavas-info.org\/es\/wp-json\/wp\/v2\/pages\/1903","targetHints":{"allow":["GET"]}}],"collection":[{"href":"https:\/\/cavas-info.org\/es\/wp-json\/wp\/v2\/pages"}],"about":[{"href":"https:\/\/cavas-info.org\/es\/wp-json\/wp\/v2\/types\/page"}],"author":[{"embeddable":true,"href":"https:\/\/cavas-info.org\/es\/wp-json\/wp\/v2\/users\/1"}],"replies":[{"embeddable":true,"href":"https:\/\/cavas-info.org\/es\/wp-json\/wp\/v2\/comments?post=1903"}],"version-history":[{"count":4,"href":"https:\/\/cavas-info.org\/es\/wp-json\/wp\/v2\/pages\/1903\/revisions"}],"predecessor-version":[{"id":1919,"href":"https:\/\/cavas-info.org\/es\/wp-json\/wp\/v2\/pages\/1903\/revisions\/1919"}],"up":[{"embeddable":true,"href":"https:\/\/cavas-info.org\/es\/wp-json\/wp\/v2\/pages\/1899"}],"wp:featuredmedia":[{"embeddable":true,"href":"https:\/\/cavas-info.org\/es\/wp-json\/wp\/v2\/media\/889"}],"wp:attachment":[{"href":"https:\/\/cavas-info.org\/es\/wp-json\/wp\/v2\/media?parent=1903"}],"curies":[{"name":"wp","href":"https:\/\/api.w.org\/{rel}","templated":true}]}}