{"id":1923,"date":"2024-03-13T11:47:58","date_gmt":"2024-03-13T15:47:58","guid":{"rendered":"https:\/\/cavas-info.org\/?page_id=1923"},"modified":"2025-12-19T12:19:23","modified_gmt":"2025-12-19T17:19:23","slug":"documentacion","status":"publish","type":"page","link":"https:\/\/cavas-info.org\/es\/obten-informacion\/documentacion\/","title":{"rendered":"Documentaci\u00f3n"},"content":{"rendered":"<div class=\"wpb-content-wrapper\"><p>[vc_row row_height_percent=\u00bb0&#8243; override_padding=\u00bbyes\u00bb h_padding=\u00bb2&#8243; top_padding=\u00bb2&#8243; bottom_padding=\u00bb2&#8243; back_color=\u00bbcolor-xsdn\u00bb overlay_alpha=\u00bb19&#8243; gutter_size=\u00bb4&#8243; column_width_percent=\u00bb100&#8243; shift_y=\u00bb0&#8243; z_index=\u00bb0&#8243; bottom_divider=\u00bbgradient\u00bb uncode_shortcode_id=\u00bb163759&#8243; back_color_type=\u00bbuncode-palette\u00bb][vc_column column_width_use_pixel=\u00bbyes\u00bb position_vertical=\u00bbmiddle\u00bb align_horizontal=\u00bbalign_center\u00bb gutter_size=\u00bb3&#8243; overlay_alpha=\u00bb50&#8243; shift_x=\u00bb0&#8243; shift_y=\u00bb0&#8243; shift_y_down=\u00bb0&#8243; z_index=\u00bb0&#8243; medium_width=\u00bb0&#8243; mobile_width=\u00bb0&#8243; sticky=\u00bbyes\u00bb width=\u00bb1\/1&#8243; uncode_shortcode_id=\u00bb884026&#8243; column_width_pixel=\u00bb900&#8243;][vc_custom_heading text_color=\u00bbaccent\u00bb heading_semantic=\u00bbh3&#8243; text_font=\u00bbfont-185035&#8243; text_size=\u00bbh4&#8243; uncode_shortcode_id=\u00bb131090&#8243; text_color_type=\u00bbuncode-palette\u00bb]Para obtener m\u00e1s informaci\u00f3n, a continuaci\u00f3n, se incluyen algunos enlaces a documentos y videos relacionados con la violencia sexual que pueden aportar respuestas y ayuda.[\/vc_custom_heading][\/vc_column][\/vc_row][vc_row row_height_percent=\u00bb0&#8243; override_padding=\u00bbyes\u00bb h_padding=\u00bb2&#8243; top_padding=\u00bb2&#8243; bottom_padding=\u00bb2&#8243; overlay_color=\u00bbcolor-173197&#8243; overlay_alpha=\u00bb19&#8243; gutter_size=\u00bb4&#8243; column_width_percent=\u00bb100&#8243; shift_y=\u00bb0&#8243; z_index=\u00bb0&#8243; enable_bottom_divider=\u00bbdefault\u00bb bottom_divider=\u00bbgradient\u00bb shape_bottom_h_use_pixel=\u00bbtrue\u00bb shape_bottom_height_percent=\u00bb33&#8243; shape_bottom_color=\u00bbcolor-186138&#8243; shape_bottom_opacity=\u00bb25&#8243; shape_bottom_index=\u00bb0&#8243; uncode_shortcode_id=\u00bb210934&#8243; overlay_color_type=\u00bbuncode-palette\u00bb shape_bottom_color_type=\u00bbuncode-palette\u00bb][vc_column column_width_percent=\u00bb100&#8243; position_vertical=\u00bbmiddle\u00bb align_horizontal=\u00bbalign_center\u00bb gutter_size=\u00bb3&#8243; overlay_alpha=\u00bb50&#8243; shift_x=\u00bb0&#8243; shift_y=\u00bb0&#8243; shift_y_down=\u00bb0&#8243; z_index=\u00bb0&#8243; medium_width=\u00bb0&#8243; mobile_width=\u00bb0&#8243; sticky=\u00bbyes\u00bb width=\u00bb1\/1&#8243; uncode_shortcode_id=\u00bb751549&#8243;][uncode_index el_id=\u00bbindex-1&#8243; loop=\u00bbsize:8|order_by:date|post_type:documentations|taxonomy_count:10&#8243; auto_query=\u00bbyes\u00bb screen_lg=\u00bb1200&#8243; screen_md=\u00bb1000&#8243; screen_sm=\u00bb480&#8243; filtering=\u00bbyes\u00bb gutter_size=\u00bb3&#8243; post_items=\u00bbdate,title,spacer|half,text|excerpt|76,sep-one|full,category|nobg|relative|display-icon\u00bb documentations_items=\u00bbmedia|featured|onpost|original,title,category|nobg|relative|display-icon\u00bb infinite=\u00bbyes\u00bb infinite_button=\u00bbyes\u00bb infinite_button_color=\u00bbaccent\u00bb single_width=\u00bb3&#8243; single_back_color=\u00bbcolor-xsdn\u00bb single_shape=\u00bbround\u00bb radius=\u00bbstd\u00bb single_overlay_opacity=\u00bb90&#8243; single_image_color_anim=\u00bbyes\u00bb single_h_align_mobile=\u00bbcenter\u00bb single_padding=\u00bb2&#8243; single_title_family=\u00bbfont-185035&#8243; single_title_dimension=\u00bbh4&#8243; single_text_lead=\u00bbyes\u00bb single_border=\u00bbyes\u00bb single_css_animation=\u00bbbottom-t-top\u00bb single_animation_delay=\u00bb200&#8243; order_ids=\u00bb20528,20518,20520,4193,4237,4225,4229,4629,4254,4252,4247,4245,4243,4241,4239,4262,4231,4233&#8243; uncode_shortcode_id=\u00bb213671&#8243; infinite_button_color_type=\u00bbuncode-palette\u00bb infinite_button_text=\u00bbCharger plus d&#8217;articles\u00bb filter_all_text=\u00bbTous\u00bb][\/vc_column][\/vc_row]<\/p>\n<\/div>","protected":false},"excerpt":{"rendered":"<p>[vc_row row_height_percent=\u00bb0&#8243; override_padding=\u00bbyes\u00bb h_padding=\u00bb2&#8243; top_padding=\u00bb2&#8243; bottom_padding=\u00bb2&#8243; back_color=\u00bbcolor-xsdn\u00bb overlay_alpha=\u00bb19&#8243; gutter_size=\u00bb4&#8243; column_width_percent=\u00bb100&#8243; shift_y=\u00bb0&#8243; z_index=\u00bb0&#8243; bottom_divider=\u00bbgradient\u00bb uncode_shortcode_id=\u00bb163759&#8243; back_color_type=\u00bbuncode-palette\u00bb][vc_column column_width_use_pixel=\u00bbyes\u00bb position_vertical=\u00bbmiddle\u00bb align_horizontal=\u00bbalign_center\u00bb gutter_size=\u00bb3&#8243; overlay_alpha=\u00bb50&#8243; [&hellip;]<\/p>\n","protected":false},"author":1,"featured_media":0,"parent":1909,"menu_order":0,"comment_status":"closed","ping_status":"closed","template":"","meta":{"_acf_changed":false,"footnotes":""},"class_list":["post-1923","page","type-page","status-publish","hentry"],"acf":[],"yoast_head":"<!-- This site is optimized with the Yoast SEO plugin v26.6 - https:\/\/yoast.com\/wordpress\/plugins\/seo\/ -->\n<title>Documentaci\u00f3n | CAVAS<\/title>\n<meta name=\"description\" content=\"CAVAS ofrece un lugar seguro y confidencial donde todas las personas afectadas por agresiones sexuales ser\u00e1n escuchadas, cre\u00eddas y reconocidas.\" \/>\n<meta name=\"robots\" content=\"index, follow, max-snippet:-1, max-image-preview:large, max-video-preview:-1\" \/>\n<link rel=\"canonical\" href=\"https:\/\/cavas-info.org\/es\/obten-informacion\/documentacion\/\" \/>\n<meta property=\"og:locale\" content=\"es_ES\" \/>\n<meta property=\"og:type\" content=\"article\" \/>\n<meta property=\"og:title\" content=\"Documentaci\u00f3n | CAVAS\" \/>\n<meta property=\"og:description\" content=\"CAVAS ofrece un lugar seguro y confidencial donde todas las personas afectadas por agresiones sexuales ser\u00e1n escuchadas, cre\u00eddas y reconocidas.\" \/>\n<meta property=\"og:url\" content=\"https:\/\/cavas-info.org\/es\/obten-informacion\/documentacion\/\" \/>\n<meta property=\"og:site_name\" content=\"CAVAS\" \/>\n<meta property=\"article:modified_time\" content=\"2025-12-19T17:19:23+00:00\" \/>\n<meta property=\"og:image\" content=\"https:\/\/cavas-info.org\/wp-content\/uploads\/2024\/04\/social.png\" \/>\n\t<meta property=\"og:image:width\" content=\"1200\" \/>\n\t<meta property=\"og:image:height\" content=\"675\" \/>\n\t<meta property=\"og:image:type\" content=\"image\/png\" \/>\n<meta name=\"twitter:card\" content=\"summary_large_image\" \/>\n<meta name=\"twitter:label1\" content=\"Tiempo de lectura\" \/>\n\t<meta name=\"twitter:data1\" content=\"1 minuto\" \/>\n<script type=\"application\/ld+json\" class=\"yoast-schema-graph\">{\"@context\":\"https:\/\/schema.org\",\"@graph\":[{\"@type\":\"WebPage\",\"@id\":\"https:\/\/cavas-info.org\/es\/obten-informacion\/documentacion\/\",\"url\":\"https:\/\/cavas-info.org\/es\/obten-informacion\/documentacion\/\",\"name\":\"Documentaci\u00f3n | CAVAS\",\"isPartOf\":{\"@id\":\"https:\/\/cavas-info.org\/es\/#website\"},\"datePublished\":\"2024-03-13T15:47:58+00:00\",\"dateModified\":\"2025-12-19T17:19:23+00:00\",\"description\":\"CAVAS ofrece un lugar seguro y confidencial donde todas las personas afectadas por agresiones sexuales ser\u00e1n escuchadas, cre\u00eddas y reconocidas.\",\"breadcrumb\":{\"@id\":\"https:\/\/cavas-info.org\/es\/obten-informacion\/documentacion\/#breadcrumb\"},\"inLanguage\":\"es\",\"potentialAction\":[{\"@type\":\"ReadAction\",\"target\":[\"https:\/\/cavas-info.org\/es\/obten-informacion\/documentacion\/\"]}]},{\"@type\":\"BreadcrumbList\",\"@id\":\"https:\/\/cavas-info.org\/es\/obten-informacion\/documentacion\/#breadcrumb\",\"itemListElement\":[{\"@type\":\"ListItem\",\"position\":1,\"name\":\"Accueil\",\"item\":\"https:\/\/cavas-info.org\/es\/\"},{\"@type\":\"ListItem\",\"position\":2,\"name\":\"Obt\u00e9n informaci\u00f3n\",\"item\":\"https:\/\/cavas-info.org\/es\/obten-informacion\/\"},{\"@type\":\"ListItem\",\"position\":3,\"name\":\"Documentaci\u00f3n\"}]},{\"@type\":\"WebSite\",\"@id\":\"https:\/\/cavas-info.org\/es\/#website\",\"url\":\"https:\/\/cavas-info.org\/es\/\",\"name\":\"CAVAS\",\"description\":\"Centro de ayuda parav\u00edctimas de agresi\u00f3n sexual Richelieu-Yamaska Sorel-Tracy\",\"publisher\":{\"@id\":\"https:\/\/cavas-info.org\/es\/#organization\"},\"alternateName\":\"CAVAS\",\"potentialAction\":[{\"@type\":\"SearchAction\",\"target\":{\"@type\":\"EntryPoint\",\"urlTemplate\":\"https:\/\/cavas-info.org\/es\/?s={search_term_string}\"},\"query-input\":{\"@type\":\"PropertyValueSpecification\",\"valueRequired\":true,\"valueName\":\"search_term_string\"}}],\"inLanguage\":\"es\"},{\"@type\":\"Organization\",\"@id\":\"https:\/\/cavas-info.org\/es\/#organization\",\"name\":\"CAVAS\",\"alternateName\":\"CAVAS\",\"url\":\"https:\/\/cavas-info.org\/es\/\",\"logo\":{\"@type\":\"ImageObject\",\"inLanguage\":\"es\",\"@id\":\"https:\/\/cavas-info.org\/es\/#\/schema\/logo\/image\/\",\"url\":\"https:\/\/cavas-info.org\/wp-content\/uploads\/2024\/04\/logo.png\",\"contentUrl\":\"https:\/\/cavas-info.org\/wp-content\/uploads\/2024\/04\/logo.png\",\"width\":512,\"height\":512,\"caption\":\"CAVAS\"},\"image\":{\"@id\":\"https:\/\/cavas-info.org\/es\/#\/schema\/logo\/image\/\"}}]}<\/script>\n<!-- \/ Yoast SEO plugin. -->","yoast_head_json":{"title":"Documentaci\u00f3n | CAVAS","description":"CAVAS ofrece un lugar seguro y confidencial donde todas las personas afectadas por agresiones sexuales ser\u00e1n escuchadas, cre\u00eddas y reconocidas.","robots":{"index":"index","follow":"follow","max-snippet":"max-snippet:-1","max-image-preview":"max-image-preview:large","max-video-preview":"max-video-preview:-1"},"canonical":"https:\/\/cavas-info.org\/es\/obten-informacion\/documentacion\/","og_locale":"es_ES","og_type":"article","og_title":"Documentaci\u00f3n | CAVAS","og_description":"CAVAS ofrece un lugar seguro y confidencial donde todas las personas afectadas por agresiones sexuales ser\u00e1n escuchadas, cre\u00eddas y reconocidas.","og_url":"https:\/\/cavas-info.org\/es\/obten-informacion\/documentacion\/","og_site_name":"CAVAS","article_modified_time":"2025-12-19T17:19:23+00:00","og_image":[{"width":1200,"height":675,"url":"https:\/\/cavas-info.org\/wp-content\/uploads\/2024\/04\/social.png","type":"image\/png"}],"twitter_card":"summary_large_image","twitter_misc":{"Tiempo de lectura":"1 minuto"},"schema":{"@context":"https:\/\/schema.org","@graph":[{"@type":"WebPage","@id":"https:\/\/cavas-info.org\/es\/obten-informacion\/documentacion\/","url":"https:\/\/cavas-info.org\/es\/obten-informacion\/documentacion\/","name":"Documentaci\u00f3n | CAVAS","isPartOf":{"@id":"https:\/\/cavas-info.org\/es\/#website"},"datePublished":"2024-03-13T15:47:58+00:00","dateModified":"2025-12-19T17:19:23+00:00","description":"CAVAS ofrece un lugar seguro y confidencial donde todas las personas afectadas por agresiones sexuales ser\u00e1n escuchadas, cre\u00eddas y reconocidas.","breadcrumb":{"@id":"https:\/\/cavas-info.org\/es\/obten-informacion\/documentacion\/#breadcrumb"},"inLanguage":"es","potentialAction":[{"@type":"ReadAction","target":["https:\/\/cavas-info.org\/es\/obten-informacion\/documentacion\/"]}]},{"@type":"BreadcrumbList","@id":"https:\/\/cavas-info.org\/es\/obten-informacion\/documentacion\/#breadcrumb","itemListElement":[{"@type":"ListItem","position":1,"name":"Accueil","item":"https:\/\/cavas-info.org\/es\/"},{"@type":"ListItem","position":2,"name":"Obt\u00e9n informaci\u00f3n","item":"https:\/\/cavas-info.org\/es\/obten-informacion\/"},{"@type":"ListItem","position":3,"name":"Documentaci\u00f3n"}]},{"@type":"WebSite","@id":"https:\/\/cavas-info.org\/es\/#website","url":"https:\/\/cavas-info.org\/es\/","name":"CAVAS","description":"Centro de ayuda parav\u00edctimas de agresi\u00f3n sexual Richelieu-Yamaska Sorel-Tracy","publisher":{"@id":"https:\/\/cavas-info.org\/es\/#organization"},"alternateName":"CAVAS","potentialAction":[{"@type":"SearchAction","target":{"@type":"EntryPoint","urlTemplate":"https:\/\/cavas-info.org\/es\/?s={search_term_string}"},"query-input":{"@type":"PropertyValueSpecification","valueRequired":true,"valueName":"search_term_string"}}],"inLanguage":"es"},{"@type":"Organization","@id":"https:\/\/cavas-info.org\/es\/#organization","name":"CAVAS","alternateName":"CAVAS","url":"https:\/\/cavas-info.org\/es\/","logo":{"@type":"ImageObject","inLanguage":"es","@id":"https:\/\/cavas-info.org\/es\/#\/schema\/logo\/image\/","url":"https:\/\/cavas-info.org\/wp-content\/uploads\/2024\/04\/logo.png","contentUrl":"https:\/\/cavas-info.org\/wp-content\/uploads\/2024\/04\/logo.png","width":512,"height":512,"caption":"CAVAS"},"image":{"@id":"https:\/\/cavas-info.org\/es\/#\/schema\/logo\/image\/"}}]}},"_links":{"self":[{"href":"https:\/\/cavas-info.org\/es\/wp-json\/wp\/v2\/pages\/1923","targetHints":{"allow":["GET"]}}],"collection":[{"href":"https:\/\/cavas-info.org\/es\/wp-json\/wp\/v2\/pages"}],"about":[{"href":"https:\/\/cavas-info.org\/es\/wp-json\/wp\/v2\/types\/page"}],"author":[{"embeddable":true,"href":"https:\/\/cavas-info.org\/es\/wp-json\/wp\/v2\/users\/1"}],"replies":[{"embeddable":true,"href":"https:\/\/cavas-info.org\/es\/wp-json\/wp\/v2\/comments?post=1923"}],"version-history":[{"count":1,"href":"https:\/\/cavas-info.org\/es\/wp-json\/wp\/v2\/pages\/1923\/revisions"}],"predecessor-version":[{"id":1924,"href":"https:\/\/cavas-info.org\/es\/wp-json\/wp\/v2\/pages\/1923\/revisions\/1924"}],"up":[{"embeddable":true,"href":"https:\/\/cavas-info.org\/es\/wp-json\/wp\/v2\/pages\/1909"}],"wp:attachment":[{"href":"https:\/\/cavas-info.org\/es\/wp-json\/wp\/v2\/media?parent=1923"}],"curies":[{"name":"wp","href":"https:\/\/api.w.org\/{rel}","templated":true}]}}